{"id":3241,"date":"2015-07-03T10:02:11","date_gmt":"2015-07-03T10:02:11","guid":{"rendered":"http:\/\/themes.themegoods.com\/photography\/demo1\/?page_id=3241"},"modified":"2021-05-20T14:04:54","modified_gmt":"2021-05-20T12:04:54","slug":"sobre-mi","status":"publish","type":"page","link":"https:\/\/danielloisfotografia.com\/index.php\/pages\/sobre-mi\/","title":{"rendered":"Sobre mi"},"content":{"rendered":"<div  class=\"one withsmallpadding ppb_header \" style=\"text-align:left;padding:30px 0 30px 0;\" >\n<div class=\"standard_wrapper\">\n<div class=\"page_content_wrapper\">\n<div class=\"inner\">\n<div style=\"margin:auto;width:100%\">\n<h2 class=\"ppb_title\" style=\"\">Sobre mi<\/h2>\n<\/div>\n<\/div>\n<\/div>\n<\/div>\n<\/div>\n<div  class=\"one\" style=\"padding:0px 0 0px 0;\" >\n<div class=\"standard_wrapper\">\n<div class=\"page_content_wrapper\">\n<div class=\"inner\">\n<div class=\"one_half content_middle textright\">\n<\/p>\n<h2 class=\"ppb_title\">Daniel Lois<\/h2>\n<hr class=\"title_break left\" \/>\n<p style=\"text-align: justify;\">Mi primer contacto con la fotograf\u00eda es durante los acontecimientos familiares en mi infancia, en los que ya desde muy peque\u00f1o me gustaba estar detr\u00e1s de la c\u00e1mara y realizar las fotograf\u00edas con una Yashica por aquel entonces. Mas tarde en la adolescencia, durante la \u00e9poca estival realizo mis primeras fotos como fot\u00f3grafo tur\u00edstico con una r\u00e9flex de carrete, una Nikon F50.<\/p>\n<p style=\"text-align: justify;\">Empiezo a realizar largas exposiciones con mi primera c\u00e1mara digital (una Fuji S5000) hasta a\u00f1os m\u00e1s tarde dar el salto a una r\u00e9flex digital en 2008.<\/p>\n<div style=\"margin-top: 20px;\">\n<p style=\"text-align: justify;\">Siempre he sido autodidacta y en aquellos tiempos no hab\u00eda la cantidad de informaci\u00f3n y las redes sociales con las que contamos hoy en d\u00eda. A trav\u00e9s de un grupo de Flickr me entero de la realizaci\u00f3n de un taller de Astrofotograf\u00eda de paisaje al que me apunto sin dudarlo.<\/p>\n<p style=\"text-align: justify;\">Este es el punto de inflexi\u00f3n, el inter\u00e9s por la astronom\u00eda y la tendencia hac\u00eda la fotograf\u00eda nocturna se convierte en habitual e incluso una obsesi\u00f3n llegando a suponer a\u00f1os mas tarde un 90% de mi trabajo fotogr\u00e1fico.<\/p>\n<p>\u00a0<\/p>\n<hr \/>\n<p>\u00a0<\/p>\n<\/div>\n<\/div>\n<div class=\"one_half last\"><\/div>\n<p><br class=\"clear\"\/><\/div>\n<\/div>\n<\/div>\n<\/div>\n<div  class=\"one\" style=\"padding:0px 0 0px 0;\" >\n<div class=\"standard_wrapper\">\n<div class=\"page_content_wrapper\">\n<div class=\"inner\">\n<div class=\"one_half content_middle textright\">\n<\/p>\n<h2 class=\"ppb_title\">Daniel Lois<\/h2>\n<hr class=\"title_break left\" \/>\n<p style=\"text-align: justify;\">Mi primer contacto con la fotograf\u00eda es durante los acontecimientos familiares en mi infancia, en los que ya desde muy peque\u00f1o me gustaba estar detr\u00e1s de la c\u00e1mara y realizar las fotograf\u00edas con una Yashica por aquel entonces. Mas tarde en la adolescencia, durante la \u00e9poca estival realizo mis primeras fotos como fot\u00f3grafo tur\u00edstico con una r\u00e9flex de carrete, una Nikon F50.<\/p>\n<p style=\"text-align: justify;\">Empiezo a realizar largas exposiciones con mi primera c\u00e1mara digital (una Fuji S5000) hasta a\u00f1os m\u00e1s tarde dar el salto a una r\u00e9flex digital en 2008.<\/p>\n<div style=\"margin-top: 20px;\">\n<p style=\"text-align: justify;\">Siempre he sido autodidacta y en aquellos tiempos no hab\u00eda la cantidad de informaci\u00f3n y las redes sociales con las que contamos hoy en d\u00eda. A trav\u00e9s de un grupo de Flickr me entero de la realizaci\u00f3n de un taller de Astrofotograf\u00eda de paisaje al que me apunto sin dudarlo.<\/p>\n<p style=\"text-align: justify;\">Este es el punto de inflexi\u00f3n, el inter\u00e9s por la astronom\u00eda y la tendencia hac\u00eda la fotograf\u00eda nocturna se convierte en habitual e incluso una obsesi\u00f3n llegando a suponer a\u00f1os mas tarde un 90% de mi trabajo fotogr\u00e1fico.<\/p>\n<p>\u00a0<\/p>\n<hr \/>\n<p>\u00a0<\/p>\n<\/div>\n<\/div>\n<div class=\"one_half last\"><\/div>\n<p><br class=\"clear\"\/><\/div>\n<\/div>\n<\/div>\n<\/div>\n<div  class=\"one\" style=\"padding:0px 0 0px 0;\" >\n<div class=\"standard_wrapper\">\n<div class=\"page_content_wrapper\">\n<div class=\"inner\">\n<div class=\"one_half content_middle textright\">\n<hr \/>\n<p style=\"text-align: justify;\">Con la ayuda de buenos amigos que compartimos la misma pasi\u00f3n por esta modalidad de la fotograf\u00eda, formamos <a href=\"http:\/\/www.enfoquenocturno.es\/\"><span style=\"color: #ff6600;\"><strong>Enfoque Nocturno<\/strong><\/span><\/a> en donde exponemos nuestros diferentes puntos de vista. Nuestra sana y buena relaci\u00f3n nos llevan a realizar proyectos interesantes. Junto a ellos me embarco en diferentes actividades de divulgaci\u00f3n y participamos como ponentes en el II Congreso internacional de fotograf\u00eda y documentalistas de naturaleza Beautiful Planet en el que expusieron sus conocimientos junto a nosotros miembros de National Geographic como Leandro Blanco y Francisco Mingorance. Formamos parte del proyecto Expofoto y hemos sido ponentes en sus cinco congresos.<\/p>\n<p style=\"text-align: justify;\">He participado en diferentes seminarios tanto t\u00e9cnicos como creativos. Impartido cursos, talleres y charlas sobre fotograf\u00eda nocturna en asociaciones de fotograf\u00eda y organismos p\u00fablicos. Expuesto en salas a lo largo del territorio nacional.<\/p>\n<p style=\"text-align: justify;\">Destaca la reciente exposici\u00f3n conjunta con <a href=\"http:\/\/daniel-llamas.es\"><span style=\"color: #800080;\"><strong>Daniel Llamas<\/strong><\/span><\/a>: V\u00eda L\u00e1ctea \u2013 Gu\u00eda de peregrinos a Galicia en septiembre de 2019 celebrada en el claustro alto del Pazo de Fonseca en Santiago de Compostela. Esta exposici\u00f3n nace a ra\u00edz del libro publicado en 2018 por la editorial L\u00fadica7, Galicia: Un lugar m\u00e1gico para contemplar las estrellas.<\/p>\n<\/div>\n<div class=\"one_half last\"><\/div>\n<p><br class=\"clear\"\/><\/div>\n<\/div>\n<\/div>\n<\/div>\n<div  class=\"one\" style=\"padding:0px 0 0px 0;\" >\n<div class=\"standard_wrapper\">\n<div class=\"page_content_wrapper\">\n<div class=\"inner\">\n<div class=\"one_half content_middle textright\">\n<hr \/>\n<p style=\"text-align: justify;\">Con la ayuda de buenos amigos que compartimos la misma pasi\u00f3n por esta modalidad de la fotograf\u00eda, formamos <a href=\"http:\/\/www.enfoquenocturno.es\/\"><span style=\"color: #ff6600;\"><strong>Enfoque Nocturno<\/strong><\/span><\/a> en donde exponemos nuestros diferentes puntos de vista. Nuestra sana y buena relaci\u00f3n nos llevan a realizar proyectos interesantes. Junto a ellos me embarco en diferentes actividades de divulgaci\u00f3n y participamos como ponentes en el II Congreso internacional de fotograf\u00eda y documentalistas de naturaleza Beautiful Planet en el que expusieron sus conocimientos junto a nosotros miembros de National Geographic como Leandro Blanco y Francisco Mingorance. Formamos parte del proyecto Expofoto y hemos sido ponentes en sus cinco congresos.<\/p>\n<p style=\"text-align: justify;\">He participado en diferentes seminarios tanto t\u00e9cnicos como creativos. Impartido cursos, talleres y charlas sobre fotograf\u00eda nocturna en asociaciones de fotograf\u00eda y organismos p\u00fablicos. Expuesto en salas a lo largo del territorio nacional.<\/p>\n<p style=\"text-align: justify;\">Destaca la reciente exposici\u00f3n conjunta con <a href=\"http:\/\/daniel-llamas.es\"><span style=\"color: #800080;\"><strong>Daniel Llamas<\/strong><\/span><\/a>: V\u00eda L\u00e1ctea \u2013 Gu\u00eda de peregrinos a Galicia en septiembre de 2019 celebrada en el claustro alto del Pazo de Fonseca en Santiago de Compostela. Esta exposici\u00f3n nace a ra\u00edz del libro publicado en 2018 por la editorial L\u00fadica7, Galicia: Un lugar m\u00e1gico para contemplar las estrellas.<\/p>\n<\/div>\n<div class=\"one_half last\"><\/div>\n<p><br class=\"clear\"\/><\/div>\n<\/div>\n<\/div>\n<\/div>\n<div  class=\"one\" style=\"padding:0px 0 0px 0;\" >\n<div class=\"standard_wrapper\">\n<div class=\"page_content_wrapper\">\n<div class=\"inner\">\n<div class=\"one_half content_middle textright\">\n<hr \/>\n<p style=\"text-align: justify;\"><strong>Galicia: Un lugar m\u00e1gico para contemplar las estrellas<\/strong><\/p>\n<p style=\"text-align: justify;\">Se trata de uno de los proyectos mas ambiciosos y bonitos en los que me he embarcado con el buen amigo Daniel Llamas. Este libro de autor, publicado por la editorial L\u00fadica7, recoge 100 de nuestras fotograf\u00edas de paisaje astron\u00f3mico de Galicia tales como destinos Starlight, faros, bosques, ermitas, etc.<\/p>\n<p style=\"text-align: justify;\">En los textos que acompa\u00f1an a estas im\u00e1genes, hablamos sobre el esfuerzo invertido en cada una de ellas, an\u00e9cdotas o curiosidades.<\/p>\n<p style=\"text-align: justify;\">El libro cuenta con los pr\u00f3logos\u00a0 de Manolo Rodr\u00edguez, experto en el camino de Santiago (Via Stellae), de Francisco Gonz\u00e1lez, presidente del Cl\u00faster de Turismo de Galicia y del astr\u00f3nomo Jos\u00e9 \u00c1ngel Docobo, director del Observatorio Ram\u00f3n Mar\u00eda Aller de la USC.<\/p>\n<\/div>\n<div class=\"one_half last\"><\/div>\n<p><br class=\"clear\"\/><\/div>\n<\/div>\n<\/div>\n<\/div>\n<div  class=\"one\" style=\"padding:0px 0 0px 0;\" >\n<div class=\"standard_wrapper\">\n<div class=\"page_content_wrapper\">\n<div class=\"inner\">\n<div class=\"one_half content_middle textright\">\n<hr \/>\n<p style=\"text-align: justify;\"><strong>Galicia: Un lugar m\u00e1gico para contemplar las estrellas<\/strong><\/p>\n<p style=\"text-align: justify;\">Se trata de uno de los proyectos mas ambiciosos y bonitos en los que me he embarcado con el buen amigo Daniel Llamas. Este libro de autor, publicado por la editorial L\u00fadica7, recoge 100 de nuestras fotograf\u00edas de paisaje astron\u00f3mico de Galicia tales como destinos Starlight, faros, bosques, ermitas, etc.<\/p>\n<p style=\"text-align: justify;\">En los textos que acompa\u00f1an a estas im\u00e1genes, hablamos sobre el esfuerzo invertido en cada una de ellas, an\u00e9cdotas o curiosidades.<\/p>\n<p style=\"text-align: justify;\">El libro cuenta con los pr\u00f3logos\u00a0 de Manolo Rodr\u00edguez, experto en el camino de Santiago (Via Stellae), de Francisco Gonz\u00e1lez, presidente del Cl\u00faster de Turismo de Galicia y del astr\u00f3nomo Jos\u00e9 \u00c1ngel Docobo, director del Observatorio Ram\u00f3n Mar\u00eda Aller de la USC.<\/p>\n<\/div>\n<div class=\"one_half last\"><\/div>\n<p><br class=\"clear\"\/><\/div>\n<\/div>\n<\/div>\n<\/div>\n<div  class=\"one withsmallpadding ppb_text\" style=\"padding:30px 0 30px 0;\" >\n<div class=\"standard_wrapper\">\n<div class=\"page_content_wrapper\">\n<div class=\"inner\">\n<div style=\"margin:auto;width:100%\">\n<p style=\"text-align: justify;\">Algunas de mis im\u00e1genes han resultado, ganadoras , recibido menci\u00f3n de honor,resultado finalistas o nominadas en diferentes concursos nacionales e internacionales tales como: Premio nacional de fotograf\u00eda de paisaje, Concurso internacional Alicante, Salon Le Catalan, Panobook, Concurso de fotograf\u00eda Cidade de Nar\u00f3n, Fine Art Photography Awards, International Photography Awards, Epson International Pano Awards, Photo Contest Sant Just Desvern, International Memorial Mar\u00eda Luisa, Trierenberg Super Circuit entre otros.<\/p>\n<\/div>\n<\/div>\n<\/div>\n<\/div>\n<\/div>\n<div  class=\"one withsmallpadding ppb_text\" style=\"padding:30px 0 30px 0;\" >\n<div class=\"standard_wrapper\">\n<div class=\"page_content_wrapper\">\n<div class=\"inner\">\n<div style=\"margin:auto;width:100%\">\n<p style=\"text-align: justify;\">Algunas de mis im\u00e1genes han resultado, ganadoras , recibido menci\u00f3n de honor,resultado finalistas o nominadas en diferentes concursos nacionales e internacionales tales como: Premio nacional de fotograf\u00eda de paisaje, Concurso internacional Alicante, Salon Le Catalan, Panobook, Concurso de fotograf\u00eda Cidade de Nar\u00f3n, Fine Art Photography Awards, International Photography Awards, Epson International Pano Awards, Photo Contest Sant Just Desvern, International Memorial Mar\u00eda Luisa, Trierenberg Super Circuit entre otros.<\/p>\n<\/div>\n<\/div>\n<\/div>\n<\/div>\n<\/div>\n<div  class=\"one withsmallpadding ppb_text\" style=\"padding:30px 0 30px 0;\" >\n<div class=\"standard_wrapper\">\n<div class=\"page_content_wrapper\">\n<div class=\"inner\">\n<div style=\"margin:auto;width:100%\">\n<p style=\"text-align: justify;\">La publicaci\u00f3n del libro, la exposici\u00f3n, los diferentes premios y eventos han aparecido en art\u00edculos o entrevistas de diferentes medios de comunicaci\u00f3n locales, auton\u00f3micos y nacionales tales como Telediario de TVE, Telexornal de TVE, Noticias La Sexta, Telexornal TVG, Magazine ZigZag TVG, Magazine A Revista TVG, La Voz TV, Radio Cope, Radio Voz, La Voz de Galicia, Faro de Vigo, Huffington Post, Galicia \u00c1rtabra, Gciencia, etc.<\/p>\n<\/div>\n<\/div>\n<\/div>\n<\/div>\n<\/div>\n<div  class=\"one withsmallpadding ppb_text\" style=\"padding:30px 0 30px 0;\" >\n<div class=\"standard_wrapper\">\n<div class=\"page_content_wrapper\">\n<div class=\"inner\">\n<div style=\"margin:auto;width:100%\">\n<p style=\"text-align: justify;\">La publicaci\u00f3n del libro, la exposici\u00f3n, los diferentes premios y eventos han aparecido en art\u00edculos o entrevistas de diferentes medios de comunicaci\u00f3n locales, auton\u00f3micos y nacionales tales como Telediario de TVE, Telexornal de TVE, Noticias La Sexta, Telexornal TVG, Magazine ZigZag TVG, Magazine A Revista TVG, La Voz TV, Radio Cope, Radio Voz, La Voz de Galicia, Faro de Vigo, Huffington Post, Galicia \u00c1rtabra, Gciencia, etc.<\/p>\n<\/div>\n<\/div>\n<\/div>\n<\/div>\n<\/div>\n<div  class=\"one withsmallpadding ppb_text\" style=\"padding:30px 0 30px 0;\" >\n<div class=\"standard_wrapper\">\n<div class=\"page_content_wrapper\">\n<div class=\"inner\">\n<div style=\"margin:auto;width:100%\">\n<p style=\"text-align: justify;\">La publicaci\u00f3n del libro, la exposici\u00f3n, los diferentes premios y eventos han aparecido en art\u00edculos o entrevistas de diferentes medios de comunicaci\u00f3n locales, auton\u00f3micos y nacionales tales como Telediario de TVE, Telexornal de TVE, Noticias La Sexta, Telexornal TVG, Magazine ZigZag TVG, Magazine A Revista TVG, La Voz TV, Radio Cope, Radio Voz, La Voz de Galicia, Faro de Vigo, Huffington Post, Galicia \u00c1rtabra, Gciencia, etc.<\/p>\n<\/div>\n<\/div>\n<\/div>\n<\/div>\n<\/div>\n<div  class=\"one withsmallpadding ppb_text\" style=\"padding:30px 0 30px 0;\" >\n<div class=\"standard_wrapper\">\n<div class=\"page_content_wrapper\">\n<div class=\"inner\">\n<div style=\"margin:auto;width:100%\">\n<p>Quiero agradecer a <a href=\"https:\/\/www.instagram.com\/minacos_cliche\/\"><span style=\"color: #ff00ff;\">Marcos Gac\u00eda<\/span><\/a>\u00a0y <span style=\"color: #ff9900;\"><a style=\"color: #ff9900;\" href=\"http:\/\/daniel-llamas.es\/\">Daniel Llamas<\/a><\/span> por los retratos que aparecen en este apartado.<\/p>\n<\/div>\n<\/div>\n<\/div>\n<\/div>\n<\/div>\n","protected":false},"excerpt":{"rendered":"","protected":false},"author":1,"featured_media":1711,"parent":2434,"menu_order":0,"comment_status":"closed","ping_status":"open","template":"","meta":{"_monsterinsights_skip_tracking":false,"_monsterinsights_sitenote_active":false,"_monsterinsights_sitenote_note":"","_monsterinsights_sitenote_category":0},"_links":{"self":[{"href":"https:\/\/danielloisfotografia.com\/index.php\/wp-json\/wp\/v2\/pages\/3241"}],"collection":[{"href":"https:\/\/danielloisfotografia.com\/index.php\/wp-json\/wp\/v2\/pages"}],"about":[{"href":"https:\/\/danielloisfotografia.com\/index.php\/wp-json\/wp\/v2\/types\/page"}],"author":[{"embeddable":true,"href":"https:\/\/danielloisfotografia.com\/index.php\/wp-json\/wp\/v2\/users\/1"}],"replies":[{"embeddable":true,"href":"https:\/\/danielloisfotografia.com\/index.php\/wp-json\/wp\/v2\/comments?post=3241"}],"version-history":[{"count":210,"href":"https:\/\/danielloisfotografia.com\/index.php\/wp-json\/wp\/v2\/pages\/3241\/revisions"}],"predecessor-version":[{"id":7268,"href":"https:\/\/danielloisfotografia.com\/index.php\/wp-json\/wp\/v2\/pages\/3241\/revisions\/7268"}],"up":[{"embeddable":true,"href":"https:\/\/danielloisfotografia.com\/index.php\/wp-json\/wp\/v2\/pages\/2434"}],"wp:featuredmedia":[{"embeddable":true,"href":"https:\/\/danielloisfotografia.com\/index.php\/wp-json\/wp\/v2\/media\/1711"}],"wp:attachment":[{"href":"https:\/\/danielloisfotografia.com\/index.php\/wp-json\/wp\/v2\/media?parent=3241"}],"curies":[{"name":"wp","href":"https:\/\/api.w.org\/{rel}","templated":true}]}}