{"id":5950,"date":"2021-04-27T01:04:35","date_gmt":"2021-04-26T23:04:35","guid":{"rendered":"http:\/\/danielloisfotografia.com\/?page_id=5950"},"modified":"2021-05-15T22:18:57","modified_gmt":"2021-05-15T20:18:57","slug":"galerie","status":"publish","type":"page","link":"https:\/\/danielloisfotografia.com\/index.php\/galerie\/","title":{"rendered":"Galer\u00eda"},"content":{"rendered":"<div  class=\"one withsmallpadding ppb_header \" style=\"text-align:center;padding:20px 0 20px 0;\" >\n<div class=\"standard_wrapper\">\n<div class=\"page_content_wrapper\">\n<div class=\"inner\">\n<div style=\"margin:auto;width:100%\">\n<h2 class=\"ppb_title\" style=\"\">Galer\u00eda<\/h2>\n<\/div>\n<\/div>\n<\/div>\n<\/div>\n<\/div>\n<div  class=\"one withsmallpadding ppb_text\" style=\"padding:15px 0 15px 0;\" >\n<div class=\"standard_wrapper\">\n<div class=\"page_content_wrapper\">\n<div class=\"inner\">\n<div style=\"margin:auto;width:100%\">\n<p>La fotograf\u00eda nocturna abarca la mayor parte de mi trabajo fotogr\u00e1fico, pero de vez en cuando me gusta hacer fotograf\u00edas de d\u00eda y disfrutar de los ocasos. Cuando puedo acudir a alg\u00fan gran premio de motociclismo, me encanta montar el supertele en la c\u00e1mara sobre el monopi\u00e9 y disfrutar de dos de mis grandes pasiones. <\/p>\n<\/div>\n<\/div>\n<\/div>\n<\/div>\n<\/div>\n<div id=\"Galeria\" class=\"one\" >\n<div id=\"16211099371298266237\" class=\"portfolio_filter_wrapper portfolio-content content gallery three_cols wide\" data-columns=\"3\">\n<div class=\"element grid  classic3_cols kenburns\">\n<div class=\"one_third gallery3 static filterable gallery_type animated1 center_display archive\"><a href=\"http:\/\/danielloisfotografia.com\/index.php\/galleries\/noche\/\" data-title=\"Serpent Road\" data-desc=\"\" data-thumb=\"http:\/\/danielloisfotografia.com\/wp-content\/uploads\/2021\/05\/noche-38-300x200.jpg\" data-srcset=\"http:\/\/danielloisfotografia.com\/wp-content\/uploads\/2021\/05\/noche-38-768x513.jpg 320w, http:\/\/danielloisfotografia.com\/wp-content\/uploads\/2021\/05\/noche-38-705x529.jpg 768w\" sizes=\"100vw\" class=\"replace progressive \"><\/p>\n<div class=\"gallery_archive_desc\">\n<div class=\"gallery_archive_desc_content\">\n<div class=\"gallery_archive_desc_inner\">\n<h4>Noche<\/h4>\n<div class=\"post_detail\"><\/div>\n<\/div>\n<\/div>\n<\/div>\n<p><img src=\"http:\/\/danielloisfotografia.com\/wp-content\/uploads\/2021\/05\/noche-38-35x26.jpg\" alt=\"Noche\" class=\"preview\"\/><\/a><\/div>\n<\/div>\n<div class=\"element grid  classic3_cols kenburns\">\n<div class=\"one_third gallery3 static filterable gallery_type animated2 center_display archive\"><a href=\"http:\/\/danielloisfotografia.com\/index.php\/galleries\/dia\/\" data-title=\"Travelling without moving\" data-desc=\"\" data-thumb=\"http:\/\/danielloisfotografia.com\/wp-content\/uploads\/2021\/05\/dia-15-200x300.jpg\" data-srcset=\"http:\/\/danielloisfotografia.com\/wp-content\/uploads\/2021\/05\/dia-15-768x1154.jpg 320w, http:\/\/danielloisfotografia.com\/wp-content\/uploads\/2021\/05\/dia-15-705x529.jpg 768w\" sizes=\"100vw\" class=\"replace progressive \"><\/p>\n<div class=\"gallery_archive_desc\">\n<div class=\"gallery_archive_desc_content\">\n<div class=\"gallery_archive_desc_inner\">\n<h4>D\u00eda<\/h4>\n<div class=\"post_detail\"><\/div>\n<\/div>\n<\/div>\n<\/div>\n<p><img src=\"http:\/\/danielloisfotografia.com\/wp-content\/uploads\/2021\/05\/dia-15-35x26.jpg\" alt=\"D\u00eda\" class=\"preview\"\/><\/a><\/div>\n<\/div>\n<div class=\"element grid  classic3_cols kenburns\">\n<div class=\"one_third gallery3 static filterable gallery_type animated3 center_display archive\"><a href=\"http:\/\/danielloisfotografia.com\/index.php\/galleries\/motogp\/\" data-title=\"MotoGP\" data-desc=\"\" data-thumb=\"http:\/\/danielloisfotografia.com\/wp-content\/uploads\/2017\/11\/DSC4099-300x205.jpg\" data-srcset=\"http:\/\/danielloisfotografia.com\/wp-content\/uploads\/2017\/11\/DSC4099-768x525.jpg 320w, http:\/\/danielloisfotografia.com\/wp-content\/uploads\/2017\/11\/DSC4099-705x529.jpg 768w\" sizes=\"100vw\" class=\"replace progressive \"><\/p>\n<div class=\"gallery_archive_desc\">\n<div class=\"gallery_archive_desc_content\">\n<div class=\"gallery_archive_desc_inner\">\n<h4>MotoGP<\/h4>\n<div class=\"post_detail\"><\/div>\n<\/div>\n<\/div>\n<\/div>\n<p><img src=\"http:\/\/danielloisfotografia.com\/wp-content\/uploads\/2017\/11\/DSC4099-scaled.jpg\" alt=\"MotoGP\" class=\"preview\"\/><\/a><\/div>\n<\/div>\n<\/div>\n<\/div>\n","protected":false},"excerpt":{"rendered":"","protected":false},"author":2,"featured_media":0,"parent":0,"menu_order":0,"comment_status":"closed","ping_status":"closed","template":"","meta":{"_monsterinsights_skip_tracking":false,"_monsterinsights_sitenote_active":false,"_monsterinsights_sitenote_note":"","_monsterinsights_sitenote_category":0},"_links":{"self":[{"href":"https:\/\/danielloisfotografia.com\/index.php\/wp-json\/wp\/v2\/pages\/5950"}],"collection":[{"href":"https:\/\/danielloisfotografia.com\/index.php\/wp-json\/wp\/v2\/pages"}],"about":[{"href":"https:\/\/danielloisfotografia.com\/index.php\/wp-json\/wp\/v2\/types\/page"}],"author":[{"embeddable":true,"href":"https:\/\/danielloisfotografia.com\/index.php\/wp-json\/wp\/v2\/users\/2"}],"replies":[{"embeddable":true,"href":"https:\/\/danielloisfotografia.com\/index.php\/wp-json\/wp\/v2\/comments?post=5950"}],"version-history":[{"count":24,"href":"https:\/\/danielloisfotografia.com\/index.php\/wp-json\/wp\/v2\/pages\/5950\/revisions"}],"predecessor-version":[{"id":7066,"href":"https:\/\/danielloisfotografia.com\/index.php\/wp-json\/wp\/v2\/pages\/5950\/revisions\/7066"}],"wp:attachment":[{"href":"https:\/\/danielloisfotografia.com\/index.php\/wp-json\/wp\/v2\/media?parent=5950"}],"curies":[{"name":"wp","href":"https:\/\/api.w.org\/{rel}","templated":true}]}}