{"id":6940,"date":"2021-05-15T17:08:37","date_gmt":"2021-05-15T15:08:37","guid":{"rendered":"http:\/\/danielloisfotografia.com\/?page_id=6940"},"modified":"2021-06-07T01:17:59","modified_gmt":"2021-06-06T23:17:59","slug":"fine-art","status":"publish","type":"page","link":"https:\/\/danielloisfotografia.com\/index.php\/fine-art\/","title":{"rendered":"Fine Art"},"content":{"rendered":"<div  class=\"one withsmallpadding ppb_header \" style=\"text-align:left;padding:30px 0 30px 0;\" >\n<div class=\"standard_wrapper\">\n<div class=\"page_content_wrapper\">\n<div class=\"inner\">\n<div style=\"margin:auto;width:100%\">\n<h2 class=\"ppb_title\" style=\"\">Copias impresas<\/h2>\n<\/div>\n<\/div>\n<\/div>\n<\/div>\n<\/div>\n<div  class=\"one withsmallpadding ppb_header \" style=\"text-align:left;padding:30px 0 30px 0;\" >\n<div class=\"standard_wrapper\">\n<div class=\"page_content_wrapper\">\n<div class=\"inner\">\n<div style=\"margin:auto;width:100%\">\n<h2 class=\"ppb_title\" style=\"\">Copias impresas<\/h2>\n<\/div>\n<\/div>\n<\/div>\n<\/div>\n<\/div>\n<div class=\"standard_wrapper\">\n<div  class=\"one_third withsmallpadding ppb_header \" style=\"text-align:left;padding:30px 0 30px 0;\" >\n<div class=\"page_content_wrapper\">\n<div class=\"inner\">\n<div style=\"margin:auto;width:100%\">\n<h2 class=\"ppb_title\" style=\"\">Fine Art Gicl\u00e8e<\/h2>\n<\/div>\n<\/div>\n<\/div>\n<\/div>\n<\/div>\n<div class=\"standard_wrapper\">\n<div  class=\"two_third last withsmallpadding ppb_text\" style=\"padding:30px 0 30px 0;\" >\n<div class=\"standard_wrapper\">\n<div class=\"page_content_wrapper\">\n<div class=\"inner\">\n<div style=\"margin:auto;width:100%\">\n<p style=\"text-align: justify;\">Despu\u00e9s de la planificaci\u00f3n, el viaje a las localizaciones, la toma de las fotograf\u00edas y el procesado de las mismas, el \u00faltimo paso es transformar los archivos digitales en obras impresas.<\/p>\n<p style=\"text-align: justify;\">Si deseas obsequiar o disfrutar tu mismo de alguna de mis fotograf\u00edas impresa para decorar tu sal\u00f3n, estudio u oficina, puedes ponerte en contacto conmigo para obtener una copia.<\/p>\n<p style=\"text-align: justify;\">A continuaci\u00f3n puedes ver alg\u00fan ejemplo y te comento los detalles del proceso de fabricaci\u00f3n, las calidades y las posibles dimensiones de las obras.<\/p>\n<\/div>\n<\/div>\n<\/div>\n<\/div>\n<\/div>\n<\/div>\n<div class=\"standard_wrapper\">\n<div  class=\"two_third last withsmallpadding ppb_text\" style=\"padding:30px 0 30px 0;\" >\n<div class=\"standard_wrapper\">\n<div class=\"page_content_wrapper\">\n<div class=\"inner\">\n<div style=\"margin:auto;width:100%\">\n<p style=\"text-align: justify;\">Despu\u00e9s de la planificaci\u00f3n, el viaje a las localizaciones, la toma de las fotograf\u00edas y el procesado de las mismas, el \u00faltimo paso es transformar los archivos digitales en obras impresas.<\/p>\n<p style=\"text-align: justify;\">Si deseas obsequiar o disfrutar tu mismo de alguna de mis fotograf\u00edas impresa para decorar tu sal\u00f3n, estudio u oficina, puedes ponerte en contacto conmigo para obtener una copia.<\/p>\n<p style=\"text-align: justify;\">A continuaci\u00f3n puedes ver alg\u00fan ejemplo y te comento los detalles del proceso de fabricaci\u00f3n, las calidades y las posibles dimensiones de las obras.<\/p>\n<\/div>\n<\/div>\n<\/div>\n<\/div>\n<\/div>\n<\/div>\n<div class=\"standard_wrapper\">\n<div  class=\"two_third last withsmallpadding ppb_text\" style=\"padding:30px 0 30px 0;\" >\n<div class=\"standard_wrapper\">\n<div class=\"page_content_wrapper\">\n<div class=\"inner\">\n<div style=\"margin:auto;width:100%\">\n<p style=\"text-align: justify;\">Despu\u00e9s de la planificaci\u00f3n, el viaje a las localizaciones, la toma de las fotograf\u00edas y el procesado de las mismas, el \u00faltimo paso es transformar los archivos digitales en obras impresas.<\/p>\n<p style=\"text-align: justify;\">Si deseas obsequiar o disfrutar tu mismo de alguna de mis fotograf\u00edas impresa para decorar tu sal\u00f3n, estudio u oficina, puedes ponerte en contacto conmigo para obtener una copia.<\/p>\n<p style=\"text-align: justify;\">A continuaci\u00f3n puedes ver alg\u00fan ejemplo y te comento los detalles del proceso de fabricaci\u00f3n, las calidades y las posibles dimensiones de las obras.<\/p>\n<\/div>\n<\/div>\n<\/div>\n<\/div>\n<\/div>\n<\/div>\n<div class=\"standard_wrapper\">\n<div  class=\"one_third withsmallpadding ppb_text\" style=\"padding:30px 0 30px 0;\" >\n<div class=\"standard_wrapper\">\n<div class=\"page_content_wrapper\">\n<div class=\"inner\">\n<div style=\"margin:auto;width:100%\">\n<p style=\"text-align: justify;\"><strong>Producci\u00f3n<\/strong><\/p>\n<p style=\"text-align: justify;\">\nTrabajo con un laboratorio certificado por Hahnem\u00fchle especializado en impresi\u00f3n Fine Art en el que ponen mucho mimo y empe\u00f1o en los trabajos que realizan. Siempre me ofrecen un trato personalizado para supervisar y realizar las pruebas preliminares de cada una de las fotograf\u00edas. Esto me permite analizar minuciosamente todos los detalles como los tonos y el acabado de cada obra para garantizar un resultado final perfecto.<\/p>\n<\/div>\n<\/div>\n<\/div>\n<\/div>\n<\/div>\n<\/div>\n<div class=\"standard_wrapper\">\n<div  class=\"one_third withsmallpadding ppb_text\" style=\"padding:30px 0 30px 0;\" >\n<div class=\"standard_wrapper\">\n<div class=\"page_content_wrapper\">\n<div class=\"inner\">\n<div style=\"margin:auto;width:100%\">\n<p style=\"text-align: justify;\"><strong>Calidad<\/strong><\/p>\n<p style=\"text-align: justify;\">\nLa impresi\u00f3n se realiza mediante el proceso Glic\u00e8e con 10 tintas Epson de \u00faltima generaci\u00f3n que se dividen en 6 colores y 4 tonos negros que aseguran un escalonado tonal muy fino para las fotograf\u00edas nocturnas.<br \/>\nEl papel Hahnem\u00fchle baritado 100% algod\u00f3n ofrece una resistencia al envejecimiento y un acabado Fine Art de alta calidad para colecciones de arte.<\/p>\n<\/div>\n<\/div>\n<\/div>\n<\/div>\n<\/div>\n<\/div>\n<div class=\"standard_wrapper\">\n<div  class=\"one_third last withsmallpadding ppb_text\" style=\"padding:30px 0 30px 0;\" >\n<div class=\"standard_wrapper\">\n<div class=\"page_content_wrapper\">\n<div class=\"inner\">\n<div style=\"margin:auto;width:100%\">\n<p><strong>Dimensiones y acabados<\/strong><\/p>\n<p style=\"text-align: justify;\">Puedes elegir entre la copia impresa en papel o con montaje sobre panel de aluminio (dibond) con bastidor que podr\u00e1s colgar directamente en la pared.<br \/>\nLos tama\u00f1os pueden ir desde los 45cm hasta los 180cm en el lado largo.<br \/>\nPara fotograf\u00edas panor\u00e1micas recomiendo un tama\u00f1o no inferior a 100cm para poder disfrutar de la imagen en todo su esplendor.<\/p>\n<\/div>\n<\/div>\n<\/div>\n<\/div>\n<\/div>\n<\/div>\n<div class=\"standard_wrapper\">\n<div  class=\"one_third last withsmallpadding ppb_text\" style=\"padding:30px 0 30px 0;\" >\n<div class=\"standard_wrapper\">\n<div class=\"page_content_wrapper\">\n<div class=\"inner\">\n<div style=\"margin:auto;width:100%\">\n<p><strong>Dimensiones y acabados<\/strong><\/p>\n<p style=\"text-align: justify;\">Puedes elegir entre la copia impresa en papel o con montaje sobre panel de aluminio (dibond) con bastidor que podr\u00e1s colgar directamente en la pared.<br \/>\nLos tama\u00f1os pueden ir desde los 45cm hasta los 180cm en el lado largo.<br \/>\nPara fotograf\u00edas panor\u00e1micas recomiendo un tama\u00f1o no inferior a 100cm para poder disfrutar de la imagen en todo su esplendor.<\/p>\n<\/div>\n<\/div>\n<\/div>\n<\/div>\n<\/div>\n<\/div>\n<div class=\"standard_wrapper\">\n<div  class=\"one_third last withsmallpadding ppb_text\" style=\"padding:30px 0 30px 0;\" >\n<div class=\"standard_wrapper\">\n<div class=\"page_content_wrapper\">\n<div class=\"inner\">\n<div style=\"margin:auto;width:100%\">\n<p><strong>Dimensiones y acabados<\/strong><\/p>\n<p style=\"text-align: justify;\">Puedes elegir entre la copia impresa en papel o con montaje sobre panel de aluminio (dibond) con bastidor que podr\u00e1s colgar directamente en la pared.<br \/>\nLos tama\u00f1os pueden ir desde los 45cm hasta los 180cm en el lado largo.<br \/>\nPara fotograf\u00edas panor\u00e1micas recomiendo un tama\u00f1o no inferior a 100cm para poder disfrutar de la imagen en todo su esplendor.<\/p>\n<\/div>\n<\/div>\n<\/div>\n<\/div>\n<\/div>\n<\/div>\n<div  class=\"one withsmallpadding ppb_text\" style=\"padding:30px 0 30px 0;\" >\n<div class=\"standard_wrapper\">\n<div class=\"page_content_wrapper\">\n<div class=\"inner\">\n<div style=\"margin:auto;width:100%\">\n<p><strong>Contactar<\/strong><\/p>\n<p style=\"text-align: justify;\">Si ya tienes decidido la obra que te gusta o si quieres que te asesore o te confirme de las dimensiones finales de cualquiera de las obras, puedes contactar conmigo a trav\u00e9s del siguiente formulario para solicitar un presupuesto. Te responder\u00e9 lo antes posible.<\/p>\n<div class=\"wpforms-container wpforms-container-full\" id=\"wpforms-6947\">\n<form id=\"wpforms-form-6947\" class=\"wpforms-validate wpforms-form\" data-formid=\"6947\" method=\"post\" enctype=\"multipart\/form-data\" action=\"\/wp-admin\/post.php\" data-token=\"4fd4268e8771b248fa1bda61fcca9881\"><noscript class=\"wpforms-error-noscript\">Por favor, activa JavaScript en tu navegador para completar este formulario.<\/noscript><\/p>\n<div class=\"wpforms-field-container\">\n<div id=\"wpforms-6947-field_0-container\" class=\"wpforms-field wpforms-field-name\" data-field-id=\"0\"><label class=\"wpforms-field-label\" for=\"wpforms-6947-field_0\">Nombre <span class=\"wpforms-required-label\">*<\/span><\/label><input type=\"text\" id=\"wpforms-6947-field_0\" class=\"wpforms-field-medium wpforms-field-required\" name=\"wpforms[fields][0]\" required><\/div>\n<div id=\"wpforms-6947-field_1-container\" class=\"wpforms-field wpforms-field-email\" data-field-id=\"1\"><label class=\"wpforms-field-label\" for=\"wpforms-6947-field_1\">E-mail <span class=\"wpforms-required-label\">*<\/span><\/label><input type=\"email\" id=\"wpforms-6947-field_1\" class=\"wpforms-field-medium wpforms-field-required\" name=\"wpforms[fields][1]\" required><\/div>\n<div id=\"wpforms-6947-field_2-container\" class=\"wpforms-field wpforms-field-textarea\" data-field-id=\"2\"><label class=\"wpforms-field-label\" for=\"wpforms-6947-field_2\">Mensaje <span class=\"wpforms-required-label\">*<\/span><\/label><textarea id=\"wpforms-6947-field_2\" class=\"wpforms-field-medium wpforms-field-required\" name=\"wpforms[fields][2]\" required><\/textarea><\/div>\n<\/div>\n<div class=\"wpforms-submit-container\" ><input type=\"hidden\" name=\"wpforms[id]\" value=\"6947\"><input type=\"hidden\" name=\"wpforms[author]\" value=\"0\"><button type=\"submit\" name=\"wpforms[submit]\" class=\"wpforms-submit \" id=\"wpforms-submit-6947\" value=\"wpforms-submit\" aria-live=\"assertive\" >Enviar<\/button><\/div>\n<\/form>\n<\/div>\n<p>  <!-- .wpforms-container -->\n<\/div>\n<\/div>\n<\/div>\n<\/div>\n<\/div>\n","protected":false},"excerpt":{"rendered":"","protected":false},"author":2,"featured_media":0,"parent":0,"menu_order":0,"comment_status":"closed","ping_status":"closed","template":"","meta":{"_monsterinsights_skip_tracking":false,"_monsterinsights_sitenote_active":false,"_monsterinsights_sitenote_note":"","_monsterinsights_sitenote_category":0},"_links":{"self":[{"href":"https:\/\/danielloisfotografia.com\/index.php\/wp-json\/wp\/v2\/pages\/6940"}],"collection":[{"href":"https:\/\/danielloisfotografia.com\/index.php\/wp-json\/wp\/v2\/pages"}],"about":[{"href":"https:\/\/danielloisfotografia.com\/index.php\/wp-json\/wp\/v2\/types\/page"}],"author":[{"embeddable":true,"href":"https:\/\/danielloisfotografia.com\/index.php\/wp-json\/wp\/v2\/users\/2"}],"replies":[{"embeddable":true,"href":"https:\/\/danielloisfotografia.com\/index.php\/wp-json\/wp\/v2\/comments?post=6940"}],"version-history":[{"count":95,"href":"https:\/\/danielloisfotografia.com\/index.php\/wp-json\/wp\/v2\/pages\/6940\/revisions"}],"predecessor-version":[{"id":7360,"href":"https:\/\/danielloisfotografia.com\/index.php\/wp-json\/wp\/v2\/pages\/6940\/revisions\/7360"}],"wp:attachment":[{"href":"https:\/\/danielloisfotografia.com\/index.php\/wp-json\/wp\/v2\/media?parent=6940"}],"curies":[{"name":"wp","href":"https:\/\/api.w.org\/{rel}","templated":true}]}}