{"id":7042,"date":"2021-05-15T21:52:19","date_gmt":"2021-05-15T19:52:19","guid":{"rendered":"http:\/\/danielloisfotografia.com\/?page_id=7042"},"modified":"2021-05-16T01:19:18","modified_gmt":"2021-05-15T23:19:18","slug":"contacto","status":"publish","type":"page","link":"https:\/\/danielloisfotografia.com\/index.php\/contacto\/","title":{"rendered":"Contacto"},"content":{"rendered":"<div  class=\"one withsmallpadding ppb_header \" style=\"text-align:center;padding:20px 0 20px 0;\" >\n<div class=\"standard_wrapper\">\n<div class=\"page_content_wrapper\">\n<div class=\"inner\">\n<div style=\"margin:auto;width:100%\">\n<h2 class=\"ppb_title\" style=\"\">Contacto<\/h2>\n<\/div>\n<\/div>\n<\/div>\n<\/div>\n<\/div>\n<div id=\"Contactar\" class=\"one\" style=\"padding:0px 0 0px 0;\" >\n<div class=\"page_content_wrapper withbg \" style=\"background-image:url(http:\/\/danielloisfotografia.com\/wp-content\/uploads\/2021\/05\/noche-32.jpg);background-size:cover;background-position:center bottom;height:485px;position:relative;\"><\/div>\n<\/div>\n<div class=\"standard_wrapper\">\n<div  class=\"one_third withsmallpadding ppb_text\" style=\"padding:70px 0 70px 0;\" >\n<div class=\"standard_wrapper\">\n<div class=\"page_content_wrapper\">\n<div class=\"inner\">\n<div style=\"margin:auto;width:100%\">\n<p style=\"text-align: justify;\">Puedes contactar conmigo a trav\u00e9s de <a href=\"mailto:web@danielloisfotografia.com\"><strong>Correo electr\u00f3nico<\/strong><\/a>, <a href=\"https:\/\/www.instagram.com\/daniel_lois\/\"><span style=\"color: #ff00ff;\"><strong>Instagram<\/strong><\/span><\/a> , <a href=\"https:\/\/www.facebook.com\/danielloisfotografia\"><span style=\"color: #3366ff;\"><strong>Facebook<\/strong><\/span><\/a> o puedes rellenar este formulario.<\/p>\n<p style=\"text-align: justify;\">Si tienes cualquier duda acerca del equipo, la t\u00e9cnica , el procesado o lo que se te ocurra, no dudes en contactar.<\/p>\n<p style=\"text-align: justify;\">As\u00ed mismo, si est\u00e1s interesado en alg\u00fan taller de iniciaci\u00f3n, avanzado o de procesado o quieres hacerte con alguna copia impresa para tu hogar u oficina, me tienes a tu disposici\u00f3n en cualquiera de estos medios.<\/p>\n<p>Gracias<\/p>\n<p><center><br \/>\n<a href=\"mailto:web@danielloisfotografia.com?Subject=Contacto%20Web\"><img loading=\"lazy\" src=\"http:\/\/danielloisfotografia.com\/wp-content\/uploads\/2021\/05\/mail-icon.png\" alt=\"\" width=\"50\" height=\"50\" \/><\/a><a href=\"http:\/\/www.instagram.com\/daniel_lois\/\">\u00a0 <img loading=\"lazy\" src=\"http:\/\/danielloisfotografia.com\/wp-content\/uploads\/2021\/05\/insta-icon.png\" alt=\"\" width=\"50\" height=\"49\" \/><\/a><a href=\"http:\/\/www.facebook.com\/danielloisfotografia\">\u00a0 <img loading=\"lazy\" src=\"http:\/\/danielloisfotografia.com\/wp-content\/uploads\/2021\/05\/facebook-icon.png\" alt=\"\" width=\"50\" height=\"49\" \/><\/a><\/center><\/p>\n<\/div>\n<\/div>\n<\/div>\n<\/div>\n<\/div>\n<\/div>\n<div class=\"standard_wrapper\">\n<div  class=\"two_third last withsmallpadding ppb_text\" style=\"padding:30px 0 30px 0;\" >\n<div class=\"standard_wrapper\">\n<div class=\"page_content_wrapper\">\n<div class=\"inner\">\n<div style=\"margin:auto;width:100%\">\n<div class=\"wpforms-container wpforms-container-full\" id=\"wpforms-6947\">\n<form id=\"wpforms-form-6947\" class=\"wpforms-validate wpforms-form\" data-formid=\"6947\" method=\"post\" enctype=\"multipart\/form-data\" action=\"\/wp-admin\/post.php\" data-token=\"b4f18bf297b5d38a28b06982519d5053\"><noscript class=\"wpforms-error-noscript\">Por favor, activa JavaScript en tu navegador para completar este formulario.<\/noscript><\/p>\n<div class=\"wpforms-field-container\">\n<div id=\"wpforms-6947-field_0-container\" class=\"wpforms-field wpforms-field-name\" data-field-id=\"0\"><label class=\"wpforms-field-label\" for=\"wpforms-6947-field_0\">Nombre <span class=\"wpforms-required-label\">*<\/span><\/label><input type=\"text\" id=\"wpforms-6947-field_0\" class=\"wpforms-field-medium wpforms-field-required\" name=\"wpforms[fields][0]\" required><\/div>\n<div id=\"wpforms-6947-field_1-container\" class=\"wpforms-field wpforms-field-email\" data-field-id=\"1\"><label class=\"wpforms-field-label\" for=\"wpforms-6947-field_1\">E-mail <span class=\"wpforms-required-label\">*<\/span><\/label><input type=\"email\" id=\"wpforms-6947-field_1\" class=\"wpforms-field-medium wpforms-field-required\" name=\"wpforms[fields][1]\" required><\/div>\n<div id=\"wpforms-6947-field_2-container\" class=\"wpforms-field wpforms-field-textarea\" data-field-id=\"2\"><label class=\"wpforms-field-label\" for=\"wpforms-6947-field_2\">Mensaje <span class=\"wpforms-required-label\">*<\/span><\/label><textarea id=\"wpforms-6947-field_2\" class=\"wpforms-field-medium wpforms-field-required\" name=\"wpforms[fields][2]\" required><\/textarea><\/div>\n<\/div>\n<p><input type=\"hidden\" name=\"wpforms[recaptcha]\" value=\"\"><\/p>\n<div class=\"wpforms-submit-container\" ><input type=\"hidden\" name=\"wpforms[id]\" value=\"6947\"><input type=\"hidden\" name=\"wpforms[author]\" value=\"0\"><button type=\"submit\" name=\"wpforms[submit]\" class=\"wpforms-submit \" id=\"wpforms-submit-6947\" value=\"wpforms-submit\" aria-live=\"assertive\" data-alt-text=\"Enviando...\" data-submit-text=\"Enviar\">Enviar<\/button><\/div>\n<\/form>\n<\/div>\n<p>  <!-- .wpforms-container -->\n<\/div>\n<\/div>\n<\/div>\n<\/div>\n<\/div>\n<\/div>\n","protected":false},"excerpt":{"rendered":"","protected":false},"author":2,"featured_media":0,"parent":0,"menu_order":0,"comment_status":"closed","ping_status":"closed","template":"","meta":{"_monsterinsights_skip_tracking":false,"_monsterinsights_sitenote_active":false,"_monsterinsights_sitenote_note":"","_monsterinsights_sitenote_category":0},"_links":{"self":[{"href":"https:\/\/danielloisfotografia.com\/index.php\/wp-json\/wp\/v2\/pages\/7042"}],"collection":[{"href":"https:\/\/danielloisfotografia.com\/index.php\/wp-json\/wp\/v2\/pages"}],"about":[{"href":"https:\/\/danielloisfotografia.com\/index.php\/wp-json\/wp\/v2\/types\/page"}],"author":[{"embeddable":true,"href":"https:\/\/danielloisfotografia.com\/index.php\/wp-json\/wp\/v2\/users\/2"}],"replies":[{"embeddable":true,"href":"https:\/\/danielloisfotografia.com\/index.php\/wp-json\/wp\/v2\/comments?post=7042"}],"version-history":[{"count":32,"href":"https:\/\/danielloisfotografia.com\/index.php\/wp-json\/wp\/v2\/pages\/7042\/revisions"}],"predecessor-version":[{"id":7101,"href":"https:\/\/danielloisfotografia.com\/index.php\/wp-json\/wp\/v2\/pages\/7042\/revisions\/7101"}],"wp:attachment":[{"href":"https:\/\/danielloisfotografia.com\/index.php\/wp-json\/wp\/v2\/media?parent=7042"}],"curies":[{"name":"wp","href":"https:\/\/api.w.org\/{rel}","templated":true}]}}