{"id":7211,"date":"2021-05-20T11:02:59","date_gmt":"2021-05-20T09:02:59","guid":{"rendered":"http:\/\/danielloisfotografia.com\/?page_id=7211"},"modified":"2021-05-26T16:45:26","modified_gmt":"2021-05-26T14:45:26","slug":"talleres-y-cursos","status":"publish","type":"page","link":"https:\/\/danielloisfotografia.com\/index.php\/talleres-y-cursos\/","title":{"rendered":"Talleres y cursos"},"content":{"rendered":"<div  class=\"one withsmallpadding ppb_text\" style=\"padding:30px 0 30px 0;\" >\n<div class=\"standard_wrapper\">\n<div class=\"page_content_wrapper\">\n<div class=\"inner\">\n<div style=\"margin:auto;width:100%\">\n<p style=\"text-align: justify;\">En <a href=\"http:\/\/www.enfoquenocturno.es\/\"><span style=\"color: #ff6600;\"><strong>Enfoque Nocturno<\/strong><\/span><\/a> tenemos una gran experiencia impartiendo cursos. La fotograf\u00eda de paijsaje astron\u00f3mico nos apasiona, y as\u00ed transmitimos nuestro conocimiento, con pasi\u00f3n; entre an\u00e9cdotas, experiencias y consejos, sin olvidar la necesaria teor\u00eda. Todo ello con el dinamismo que nos permite ser mas de un ponente y , por supuesto, con la complicidad que se genera con los asistentes.<\/p>\n<\/div>\n<\/div>\n<\/div>\n<\/div>\n<\/div>\n<div  class=\"one\" style=\"padding:30px 0 30px 0;\" >\n<div class=\"standard_wrapper\">\n<div class=\"page_content_wrapper\">\n<div class=\"inner\">\n<div class=\"one_half\">\n<div class=\"image_classic_frame expand\">\n<div class=\"image_wrapper\"><img src=\"http:\/\/danielloisfotografia.com\/wp-content\/uploads\/2021\/05\/tallercan\u0303iza2.jpg\" alt=\"\" class=\"preview\"\/><\/div>\n<\/div>\n<\/div>\n<div class=\"one_half last content_middle\">\n<hr \/>\n<p style=\"text-align: justify;\">Por una parte nuestro taller de iniciaci\u00f3n: <strong>Fotograf\u00eda bajo las estrellas.<\/strong><\/p>\n<p style=\"text-align: justify;\">Emocionar y divertirnos, son las consignas de este taller que pretende aportar los conocimientos necesarios para defenderse en una noche de fotos, pero sobretodo, ganar aficionados a la astrofotograf\u00eda de paisaje. De esta forma esta experiencia se convertir\u00e1 en una iniciaci\u00f3n perfecta a la fotograf\u00eda en general y , especialmente a la fotograf\u00eda nocturna.<\/p>\n<p style=\"text-align: justify;\">Vivirlo es necesario, y se convierte en la piedra angular de este proyecto. Por ello se incluye una salida nocturna en la que los alumnos estar\u00e1n continuamente arropados por los miembros de Enfoque Nocturno, resolviendo sus dudas, sugiriendo mejoras y en general apoyando su aprendizaje en un entorno distendido.<\/p>\n<p style=\"text-align: justify;\">Tras la salida nos volveremos a reunir para, mediante una sesi\u00f3n conjunta de cr\u00edtica constructiva, ver los trabajos obtenidos e intentar mejorarlos entre todos.<\/p>\n<p style=\"text-align: justify;\">En total al menos 11 horas de curso.<\/p>\n<\/div>\n<p><br class=\"clear\"\/><\/div>\n<\/div>\n<\/div>\n<\/div>\n<div  class=\"one\" style=\"padding:30px 0 30px 0;\" >\n<div class=\"standard_wrapper\">\n<div class=\"page_content_wrapper\">\n<div class=\"inner\">\n<div class=\"one_half content_middle textright\">\n<p style=\"text-align: justify;\">Por otra parte el curso de <strong>Revelado Avanzado de Fotograf\u00eda Nocturna y Larga Exposici\u00f3n<\/strong><\/p>\n<p style=\"text-align: justify;\">Para todos aquellos aficionados a la fotograf\u00eda de larga exposici\u00f3n, y en particular a la astrofotograf\u00eda de paisaje, el post-procesado es simpre una asignatura pendiente. Revelar fotograf\u00edas con tan poca luz y ratio de constraste, con mucho ruido, y conseguir un resultado en el que se resalte tanto el primer plano como los diferentes elementos del cielo nocturno no es tarea nada f\u00e1cil. Pero aun as\u00ed es una t\u00e9cnica fundamental a dominar si queremos conseguir fotograf\u00edas de alta calidad.<\/p>\n<p style=\"text-align: justify;\">Por ello proponemos este taller de revelado avanzado donde compartiremos nuestro flujo de trabajo y todas aquellas t\u00e9cnicas que utilizamos: para unir las panor\u00e1micas nocturnas, para conseguir mejor definici\u00f3n y contraste, para resaltar la v\u00eda l\u00e1ctea o para mejorar la presencia del primer plano sin elevar la cantidad de ruido; entre otros. \u00a1No quedar\u00e1 ning\u00fan secreto sin desvelar!<\/p>\n<p style=\"text-align: justify;\">Durante el mismo se procesar\u00e1n en directo fotograf\u00edas de diferentes estilos, panor\u00e1micas dobles para recoger la v\u00eda l\u00e1ctea de \u00abinvierno\u00bb, cielos con luna, sedas y fotograf\u00eda de larga exposici\u00f3n, &#8230; Y se utilizar\u00e1n numerosas herramientas PTGui, Adobe Lightroom, Adobe Photoshop y algunos plugins de este \u00faltimo.<\/p>\n<p style=\"text-align: justify;\">Para potenciar el dinamismo, a la finalizaci\u00f3n del taller se enviar\u00e1 un video recogiendo el revelado de una de las fotograf\u00edas mas compleas, con el fin de que los alumnos no tengan que coger notas y por tanto puedan prestar total atenci\u00f3n al taller, y que tengan una documentaci\u00f3n consistente de todo el proceso.<\/p>\n<p style=\"text-align: justify;\">En total 12 horas de curso.<\/p>\n<\/div>\n<div class=\"one_half last\">\n<div class=\"image_classic_frame expand animate\">\n<div class=\"image_wrapper\"><img src=\"http:\/\/danielloisfotografia.com\/wp-content\/uploads\/2021\/05\/DSC6631srgbRES2.jpg\" alt=\"\" class=\"preview\"\/><\/div>\n<\/div>\n<\/div>\n<p><br class=\"clear\"\/><\/div>\n<\/div>\n<\/div>\n<\/div>\n<div  class=\"one withsmallpadding ppb_text\" style=\"padding:30px 0 30px 0;\" >\n<div class=\"standard_wrapper\">\n<div class=\"page_content_wrapper\">\n<div class=\"inner\">\n<div style=\"margin:auto;width:100%\">\n<p style=\"text-align: justify;\">Aunque las anteiores son propuestas de \u00e9xito asegurado, estamos abiertos a modificarlas para amoldarnos a las necesidades que surjan.<\/p>\n<p style=\"text-align: justify;\">El formato del taller b\u00e1sico lo hace muy propicio para ser organizado como un viaje o experiencia fotogr\u00e1fica, un fin de semana en el que los alumnos pernoctar\u00e1n en alg\u00fan lugar cercano a la localizaci\u00f3n de la salida. De esta forma se fomenta la promoci\u00f3n tur\u00edstica, y se ofrece una rentabilidad a\u00f1adida a la zona de destino, en estos casos se busca la sinergia con la hosteleria local de forma que pueda organizarse en temporadas con poca demanda tur\u00edstica y facilitando un paquete todo inclu\u00eddo que sea atractivo para los posibles interesados.<\/p>\n<p style=\"text-align: justify;\">Tambi\u00e9n se puede conformar un paquete que incluya ambos talleres como una experiencia completa, o bien realizar mas de una salida.<\/p>\n<p style=\"text-align: justify;\">Por supuesto ofrecemos la posibilidad de impartir un taller personalizado dirigido a peque\u00f1os grupos, o incluso una formaci\u00f3n individual, siempre adaptada al perf\u00edl del contratante.<\/p>\n<p style=\"text-align: justify;\">ya se\u00e1is una asociaci\u00f3n de fotograf\u00eda, una empresa, asociaci\u00f3n de turismo, un grupo de profesionales o aficionados, no dud\u00e9is en contactar conmigo para solicitar mas informaci\u00f3n sobre nustra formaci\u00f3n.<\/p>\n<div class=\"wpforms-container wpforms-container-full\" id=\"wpforms-6947\">\n<form id=\"wpforms-form-6947\" class=\"wpforms-validate wpforms-form\" data-formid=\"6947\" method=\"post\" enctype=\"multipart\/form-data\" action=\"\/wp-admin\/post.php\" data-token=\"919f966945110c809d2f09f0aa3315d9\"><noscript class=\"wpforms-error-noscript\">Por favor, activa JavaScript en tu navegador para completar este formulario.<\/noscript><\/p>\n<div class=\"wpforms-field-container\">\n<div id=\"wpforms-6947-field_0-container\" class=\"wpforms-field wpforms-field-name\" data-field-id=\"0\"><label class=\"wpforms-field-label\" for=\"wpforms-6947-field_0\">Nombre <span class=\"wpforms-required-label\">*<\/span><\/label><input type=\"text\" id=\"wpforms-6947-field_0\" class=\"wpforms-field-medium wpforms-field-required\" name=\"wpforms[fields][0]\" required><\/div>\n<div id=\"wpforms-6947-field_1-container\" class=\"wpforms-field wpforms-field-email\" data-field-id=\"1\"><label class=\"wpforms-field-label\" for=\"wpforms-6947-field_1\">E-mail <span class=\"wpforms-required-label\">*<\/span><\/label><input type=\"email\" id=\"wpforms-6947-field_1\" class=\"wpforms-field-medium wpforms-field-required\" name=\"wpforms[fields][1]\" required><\/div>\n<div id=\"wpforms-6947-field_2-container\" class=\"wpforms-field wpforms-field-textarea\" data-field-id=\"2\"><label class=\"wpforms-field-label\" for=\"wpforms-6947-field_2\">Mensaje <span class=\"wpforms-required-label\">*<\/span><\/label><textarea id=\"wpforms-6947-field_2\" class=\"wpforms-field-medium wpforms-field-required\" name=\"wpforms[fields][2]\" required><\/textarea><\/div>\n<\/div>\n<div class=\"wpforms-submit-container\" ><input type=\"hidden\" name=\"wpforms[id]\" value=\"6947\"><input type=\"hidden\" name=\"wpforms[author]\" value=\"0\"><button type=\"submit\" name=\"wpforms[submit]\" class=\"wpforms-submit \" id=\"wpforms-submit-6947\" value=\"wpforms-submit\" aria-live=\"assertive\" >Enviar<\/button><\/div>\n<\/form>\n<\/div>\n<p>  <!-- .wpforms-container -->\n<\/div>\n<\/div>\n<\/div>\n<\/div>\n<\/div>\n<div class=\"standard_wrapper\">\n<div  class=\"one\" style=\"padding:30px 0 30px 0;\" >\n<div class=\"page_content_wrapper\">\n<div class=\"inner\">\n<div class=\"image_classic_frame expand\">\n<div class=\"image_wrapper\"><img src=\"http:\/\/danielloisfotografia.com\/wp-content\/uploads\/2021\/05\/IMG_3552.jpg\" alt=\"Taller CEIDA A Coru\u00f1a\" class=\"preview\"\/><\/div>\n<\/div>\n<\/div>\n<\/div>\n<\/div>\n<\/div>\n<div class=\"standard_wrapper\">\n<div  class=\"one\" style=\"padding:30px 0 30px 0;\" >\n<div class=\"page_content_wrapper\">\n<div class=\"inner\">\n<div class=\"one_third\">\n<div class=\"image_classic_frame expand\">\n<div class=\"image_wrapper\"><img src=\"http:\/\/danielloisfotografia.com\/wp-content\/uploads\/2021\/05\/taller-Mac.jpg\" alt=\"Taller MAC A Coru\u00f1a\" class=\"preview\"\/><\/div>\n<div class=\"image_caption\">Taller MAC A Coru\u00f1a<\/div>\n<\/div>\n<\/div>\n<div class=\"one_third\">\n<div class=\"image_classic_frame expand\">\n<div class=\"image_wrapper\"><img src=\"http:\/\/danielloisfotografia.com\/wp-content\/uploads\/2021\/05\/Taller-Expofoto-Ferrol.jpg\" alt=\"Taller Expofoto Ferrol\" class=\"preview\"\/><\/div>\n<div class=\"image_caption\">Taller Expofoto Ferrol<\/div>\n<\/div>\n<\/div>\n<div class=\"one_third last\">\n<div class=\"image_classic_frame expand\">\n<div class=\"image_wrapper\"><img src=\"http:\/\/danielloisfotografia.com\/wp-content\/uploads\/2021\/05\/IMG_9502.jpg\" alt=\"Taller A Ca\u00f1iza\" class=\"preview\"\/><\/div>\n<div class=\"image_caption\">Taller A Ca\u00f1iza<\/div>\n<\/div>\n<\/div>\n<\/div>\n<\/div>\n<\/div>\n<\/div>\n<div class=\"standard_wrapper\">\n<div  class=\"one\" style=\"padding:30px 0 30px 0;\" >\n<div class=\"page_content_wrapper\">\n<div class=\"inner\">\n<div class=\"one_third\">\n<div class=\"image_classic_frame expand\">\n<div class=\"image_wrapper\"><img src=\"http:\/\/danielloisfotografia.com\/wp-content\/uploads\/2021\/05\/taller-cies.jpg\" alt=\"Taller Islas Ci\u00e9s\" class=\"preview\"\/><\/div>\n<div class=\"image_caption\">Taller Islas Ci\u00e9s<\/div>\n<\/div>\n<\/div>\n<div class=\"one_third\">\n<div class=\"image_classic_frame expand\">\n<div class=\"image_wrapper\"><img src=\"http:\/\/danielloisfotografia.com\/wp-content\/uploads\/2021\/05\/taller-procesado-Coruna.jpg\" alt=\"Taller Procesado A Coru\u00f1a\" class=\"preview\"\/><\/div>\n<div class=\"image_caption\">Taller Procesado A Coru\u00f1a<\/div>\n<\/div>\n<\/div>\n<div class=\"one_third last\">\n<div class=\"image_classic_frame expand\">\n<div class=\"image_wrapper\"><img src=\"http:\/\/danielloisfotografia.com\/wp-content\/uploads\/2021\/05\/Taller-iniciacion-coruna.jpg\" alt=\"Taller iniciaci\u00f3n A Coru\u00f1a\" class=\"preview\"\/><\/div>\n<div class=\"image_caption\">Taller iniciaci\u00f3n A Coru\u00f1a<\/div>\n<\/div>\n<\/div>\n<\/div>\n<\/div>\n<\/div>\n<\/div>\n","protected":false},"excerpt":{"rendered":"","protected":false},"author":2,"featured_media":0,"parent":0,"menu_order":0,"comment_status":"closed","ping_status":"closed","template":"","meta":{"_monsterinsights_skip_tracking":false,"_monsterinsights_sitenote_active":false,"_monsterinsights_sitenote_note":"","_monsterinsights_sitenote_category":0},"_links":{"self":[{"href":"https:\/\/danielloisfotografia.com\/index.php\/wp-json\/wp\/v2\/pages\/7211"}],"collection":[{"href":"https:\/\/danielloisfotografia.com\/index.php\/wp-json\/wp\/v2\/pages"}],"about":[{"href":"https:\/\/danielloisfotografia.com\/index.php\/wp-json\/wp\/v2\/types\/page"}],"author":[{"embeddable":true,"href":"https:\/\/danielloisfotografia.com\/index.php\/wp-json\/wp\/v2\/users\/2"}],"replies":[{"embeddable":true,"href":"https:\/\/danielloisfotografia.com\/index.php\/wp-json\/wp\/v2\/comments?post=7211"}],"version-history":[{"count":31,"href":"https:\/\/danielloisfotografia.com\/index.php\/wp-json\/wp\/v2\/pages\/7211\/revisions"}],"predecessor-version":[{"id":7357,"href":"https:\/\/danielloisfotografia.com\/index.php\/wp-json\/wp\/v2\/pages\/7211\/revisions\/7357"}],"wp:attachment":[{"href":"https:\/\/danielloisfotografia.com\/index.php\/wp-json\/wp\/v2\/media?parent=7211"}],"curies":[{"name":"wp","href":"https:\/\/api.w.org\/{rel}","templated":true}]}}